{"id":1390,"date":"2023-08-19T00:00:20","date_gmt":"2023-08-18T22:00:20","guid":{"rendered":"https:\/\/promasa.hn\/hn\/?post_type=product&#038;p=1390"},"modified":"2023-10-20T22:44:55","modified_gmt":"2023-10-20T20:44:55","slug":"canal-de-agua-interno","status":"publish","type":"product","link":"https:\/\/promasa.hn\/hn\/producto\/canal-de-agua-interno\/","title":{"rendered":"Canal de agua interna"},"content":{"rendered":"<p><strong>PERFIL T\u00c9CNICO <\/strong><br \/>\n-Resistencia: Grado 80<br \/>\n-Base de acero: AZ 150<\/p>\n","protected":false},"excerpt":{"rendered":"<ul>\n<li>El canal de agua de Promasa es fabricado<br \/>\nmediante proceso continuo, en l\u00edneas productivas de la m\u00e1s alta tecnolog\u00eda<\/li>\n<\/ul>\n","protected":false},"featured_media":2232,"template":"","meta":[],"product_cat":[52],"product_tag":[69,70],"_links":{"self":[{"href":"https:\/\/promasa.hn\/hn\/wp-json\/wp\/v2\/product\/1390"}],"collection":[{"href":"https:\/\/promasa.hn\/hn\/wp-json\/wp\/v2\/product"}],"about":[{"href":"https:\/\/promasa.hn\/hn\/wp-json\/wp\/v2\/types\/product"}],"wp:featuredmedia":[{"embeddable":true,"href":"https:\/\/promasa.hn\/hn\/wp-json\/wp\/v2\/media\/2232"}],"wp:attachment":[{"href":"https:\/\/promasa.hn\/hn\/wp-json\/wp\/v2\/media?parent=1390"}],"wp:term":[{"taxonomy":"product_cat","embeddable":true,"href":"https:\/\/promasa.hn\/hn\/wp-json\/wp\/v2\/product_cat?post=1390"},{"taxonomy":"product_tag","embeddable":true,"href":"https:\/\/promasa.hn\/hn\/wp-json\/wp\/v2\/product_tag?post=1390"}],"curies":[{"name":"wp","href":"https:\/\/api.w.org\/{rel}","templated":true}]}}