{"id":1392,"date":"2023-08-19T00:09:40","date_gmt":"2023-08-18T22:09:40","guid":{"rendered":"https:\/\/promasa.hn\/hn\/?post_type=product&#038;p=1392"},"modified":"2023-10-20T23:01:12","modified_gmt":"2023-10-20T21:01:12","slug":"capote","status":"publish","type":"product","link":"https:\/\/promasa.hn\/hn\/producto\/capote\/","title":{"rendered":"Capote"},"content":{"rendered":"<p><strong>PERFIL T\u00c9CNICO <\/strong><br \/>\n-Resistencia: Grado 80<br \/>\n-Base de acero: AZ 150<br \/>\n-Largo \u00fatil: 1 pie<\/p>\n<p>&nbsp;<\/p>\n","protected":false},"excerpt":{"rendered":"<ul>\n<li>El capote de Promasa es fabricado mediante proceso continuo, en l\u00edneas productivas de la m\u00e1s alta tecnolog\u00eda<\/li>\n<\/ul>\n","protected":false},"featured_media":2233,"template":"","meta":[],"product_cat":[74],"product_tag":[75],"_links":{"self":[{"href":"https:\/\/promasa.hn\/hn\/wp-json\/wp\/v2\/product\/1392"}],"collection":[{"href":"https:\/\/promasa.hn\/hn\/wp-json\/wp\/v2\/product"}],"about":[{"href":"https:\/\/promasa.hn\/hn\/wp-json\/wp\/v2\/types\/product"}],"wp:featuredmedia":[{"embeddable":true,"href":"https:\/\/promasa.hn\/hn\/wp-json\/wp\/v2\/media\/2233"}],"wp:attachment":[{"href":"https:\/\/promasa.hn\/hn\/wp-json\/wp\/v2\/media?parent=1392"}],"wp:term":[{"taxonomy":"product_cat","embeddable":true,"href":"https:\/\/promasa.hn\/hn\/wp-json\/wp\/v2\/product_cat?post=1392"},{"taxonomy":"product_tag","embeddable":true,"href":"https:\/\/promasa.hn\/hn\/wp-json\/wp\/v2\/product_tag?post=1392"}],"curies":[{"name":"wp","href":"https:\/\/api.w.org\/{rel}","templated":true}]}}