{"id":1497,"date":"2023-08-22T22:15:43","date_gmt":"2023-08-22T20:15:43","guid":{"rendered":"https:\/\/promasa.hn\/hn\/?post_type=product&#038;p=1497"},"modified":"2023-10-18T23:13:31","modified_gmt":"2023-10-18T21:13:31","slug":"tecnotubo-galvanizado-rectangulos","status":"publish","type":"product","link":"https:\/\/promasa.hn\/hn\/producto\/tecnotubo-galvanizado-rectangulos\/","title":{"rendered":"Tecnotubo Galvanizado Rectangulos"},"content":{"rendered":"<p><strong>Ventajas<br \/>\n<\/strong>\u2022 Resistente<br \/>\n\u2022 Variedad de formas<br \/>\n\u2022 Durable<br \/>\n\u2022 Precisi\u00f3n y exactitud en<br \/>\ndimensiones<br \/>\n\u2022 Resistente al impacto<br \/>\n\u2022 Disminuye el tiempo de instalaci\u00f3n<br \/>\n\u2022 Soldadura resistente a cualquier<br \/>\nflexi\u00f3n<\/p>\n","protected":false},"excerpt":{"rendered":"<ul>\n<li>Tuber\u00eda soldada por resistencia el\u00e9ctrica a partir de l\u00e1mina de acero<br \/>\ngalvanizada rolada en caliente o fr\u00eda, con diferentes grados de acero<\/li>\n<\/ul>\n","protected":false},"featured_media":1535,"template":"","meta":[],"product_cat":[175],"product_tag":[92,93,95,91,90],"_links":{"self":[{"href":"https:\/\/promasa.hn\/hn\/wp-json\/wp\/v2\/product\/1497"}],"collection":[{"href":"https:\/\/promasa.hn\/hn\/wp-json\/wp\/v2\/product"}],"about":[{"href":"https:\/\/promasa.hn\/hn\/wp-json\/wp\/v2\/types\/product"}],"wp:featuredmedia":[{"embeddable":true,"href":"https:\/\/promasa.hn\/hn\/wp-json\/wp\/v2\/media\/1535"}],"wp:attachment":[{"href":"https:\/\/promasa.hn\/hn\/wp-json\/wp\/v2\/media?parent=1497"}],"wp:term":[{"taxonomy":"product_cat","embeddable":true,"href":"https:\/\/promasa.hn\/hn\/wp-json\/wp\/v2\/product_cat?post=1497"},{"taxonomy":"product_tag","embeddable":true,"href":"https:\/\/promasa.hn\/hn\/wp-json\/wp\/v2\/product_tag?post=1497"}],"curies":[{"name":"wp","href":"https:\/\/api.w.org\/{rel}","templated":true}]}}