{"id":22,"date":"2022-05-30T11:41:38","date_gmt":"2022-05-30T11:41:38","guid":{"rendered":"https:\/\/themexriver.com\/wp\/roonix\/?page_id=22"},"modified":"2023-09-22T00:26:19","modified_gmt":"2023-09-21T22:26:19","slug":"nosotros","status":"publish","type":"page","link":"https:\/\/promasa.hn\/nicaragua\/nosotros\/","title":{"rendered":"Sobre nosotros"},"content":{"rendered":"\t\t<div data-elementor-type=\"wp-page\" data-elementor-id=\"22\" class=\"elementor elementor-22\" data-elementor-post-type=\"page\">\n\t\t\t\t\t\t\t\t\t<section class=\"elementor-section elementor-top-section elementor-element elementor-element-da258b5 elementor-section-full_width elementor-section-height-default elementor-section-height-default\" data-id=\"da258b5\" data-element_type=\"section\">\n\t\t\t\t\t\t<div class=\"elementor-container elementor-column-gap-default\">\n\t\t\t\t\t<div class=\"elementor-column elementor-col-100 elementor-top-column elementor-element elementor-element-36b1ad6\" data-id=\"36b1ad6\" data-element_type=\"column\">\n\t\t\t<div class=\"elementor-widget-wrap elementor-element-populated\">\n\t\t\t\t\t\t\t\t<div class=\"elementor-element elementor-element-bb024f4 elementor-widget elementor-widget-roonix_about_us_v3\" data-id=\"bb024f4\" data-element_type=\"widget\" data-widget_type=\"roonix_about_us_v3.default\">\n\t\t\t\t<div class=\"elementor-widget-container\">\n\t\t\t    \r\n    <section class=\"about-section-two style-two\">\r\n                <div class=\"auto-container\">\r\n            <div class=\"row clearfix\">\r\n                \r\n                <!-- Image Column -->\r\n                <div class=\"image-column col-lg-6 col-md-12 col-sm-12\">\r\n                    <div class=\"inner-column wow fadeInLeft\" data-wow-delay=\"0ms\" data-wow-duration=\"1500ms\">\r\n                        <div class=\"image\">\r\n                            <img decoding=\"async\" src=\"https:\/\/promasa.hn\/nicaragua\/wp-content\/uploads\/2023\/07\/quienes_somos_promasa.jpg\" alt=\"Awesome Image\" \/>                            <div class=\"experience-box\" style=\"background-image: url(https:\/\/promasa.hn\/nicaragua\/wp-content\/uploads\/2022\/05\/19.png)\">\r\n                                <div class=\"counter\"><span class=\"odometer\" data-count=\"15\"><\/span><\/div>                                <div class=\"text\">A\u00f1os de experiencia <\/div>                            <\/div>\r\n                        <\/div>\r\n                    <\/div>\r\n                <\/div>\r\n                \r\n                <!-- Content Column -->\r\n                <div class=\"content-column col-lg-6 col-md-12 col-sm-12\">\r\n                    <div class=\"inner-column wow fadeInRight\" data-wow-delay=\"0ms\" data-wow-duration=\"1500ms\">\r\n                                                <!-- Sec Title -->\r\n                        <div class=\"sec-title\">\r\n                            <div class=\"title\">Historia<\/div>                            <h2>Somos una empresa l\u00edder en el mercado nacional de productos de Aluzinc y acero galvanizado<\/h2>                            <div class=\"text\">Nuestro compromiso es brindar entregas oportunas, asistencia t\u00e9cnica de primera clase y una calidad de servicio excepcional. Contamos con un equipo altamente capacitado e identificado con los valores fundamentales de la empresa.\n\nEn cada paso que damos, buscamos la excelencia y la satisfacci\u00f3n de nuestros clientes. Nuestra dedicaci\u00f3n a la innovaci\u00f3n y la mejora continua nos impulsa a estar a la vanguardia de la industria, ofreciendo soluciones de \u00faltima generaci\u00f3n.\n\nNos enorgullece ser reconocidos por la confiabilidad y la durabilidad de nuestros productos, que cumplen con los m\u00e1s altos est\u00e1ndares de calidad. Trabajamos arduamente para mantener nuestra posici\u00f3n como l\u00edderes y referentes en el sector.<\/div>                        <\/div>\r\n                                                <div class=\"row clearfix\">\r\n                                                        <!-- Info Column -->\r\n                            <div class=\"info-column col-lg-6 col-md-6 col-sm-12\">\r\n                                <div class=\"column-inner\">\r\n                                    <div class=\"icon icon flaticon-envelope\"><\/div>                                    <h4>info@promasa.hn<\/h4>                                    <div class=\"text\">\u00bfNecesitas asesor\u00eda? te asesoramos mediante Email.<\/div>                                <\/div>\r\n                            <\/div>\r\n                                                        <!-- Info Column -->\r\n                            <div class=\"info-column col-lg-6 col-md-6 col-sm-12\">\r\n                                <div class=\"column-inner\">\r\n                                    <div class=\"icon icon flaticon-whatsapp\"><\/div>                                    <h4>(+504) 9438-6689<\/h4>                                    <div class=\"text\">\nCont\u00e1ctanos directamente por whatsapp<\/div>                                <\/div>\r\n                            <\/div>\r\n                                                    <\/div>\r\n                    <\/div>\r\n                <\/div>\r\n                \r\n            <\/div>\r\n        <\/div>\r\n    <\/section>\r\n  \r\n    \t\t<\/div>\n\t\t\t\t<\/div>\n\t\t\t\t\t<\/div>\n\t\t<\/div>\n\t\t\t\t\t\t\t<\/div>\n\t\t<\/section>\n\t\t\t\t<section class=\"elementor-section elementor-top-section elementor-element elementor-element-2eab440 elementor-section-full_width elementor-section-height-default elementor-section-height-default\" data-id=\"2eab440\" data-element_type=\"section\">\n\t\t\t\t\t\t<div class=\"elementor-container elementor-column-gap-default\">\n\t\t\t\t\t<div class=\"elementor-column elementor-col-100 elementor-top-column elementor-element elementor-element-005f9c2\" data-id=\"005f9c2\" data-element_type=\"column\">\n\t\t\t<div class=\"elementor-widget-wrap elementor-element-populated\">\n\t\t\t\t\t\t\t\t<div class=\"elementor-element elementor-element-b852231 elementor-widget elementor-widget-roonix_funfacts_v1\" data-id=\"b852231\" data-element_type=\"widget\" data-widget_type=\"roonix_funfacts_v1.default\">\n\t\t\t\t<div class=\"elementor-widget-container\">\n\t\t\t    \r\n    <section class=\"counter-section style-three\" style=\"background-image: url(https:\/\/promasa.hn\/nicaragua\/wp-content\/uploads\/2022\/06\/21.png)\">\r\n        <div class=\"auto-container\">\r\n            <div class=\"inner-container\">\r\n                <div class=\"row clearfix\">\r\n                            \r\n                                        <!-- Counter Column -->\r\n                    <div class=\"counter-block col-lg-3 col-md-6 col-sm-12\">\r\n                        <div class=\"inner-block\">\r\n                            <div class=\"counter\"><span class=\"odometer\" data-count=\"1500\"><\/span>+<\/div>                            <div class=\"counter-text\">Proyetos completados<\/div>                        <\/div>\r\n                    <\/div>\r\n                                                \r\n                                        <!-- Counter Column -->\r\n                    <div class=\"counter-block col-lg-3 col-md-6 col-sm-12\">\r\n                        <div class=\"inner-block\">\r\n                            <div class=\"counter\"><span class=\"odometer\" data-count=\"899\"><\/span>+<\/div>                            <div class=\"counter-text\">Clientes satisfechos<\/div>                        <\/div>\r\n                    <\/div>\r\n                                                \r\n                                        <!-- Counter Column -->\r\n                    <div class=\"counter-block col-lg-3 col-md-6 col-sm-12\">\r\n                        <div class=\"inner-block\">\r\n                            <div class=\"counter\"><span class=\"odometer\" data-count=\"349\"><\/span>+<\/div>                            <div class=\"counter-text\">Proyectos residenciales<\/div>                        <\/div>\r\n                    <\/div>\r\n                                                \r\n                                        <!-- Counter Column -->\r\n                    <div class=\"counter-block col-lg-3 col-md-6 col-sm-12\">\r\n                        <div class=\"inner-block\">\r\n                            <div class=\"counter\"><span class=\"odometer\" data-count=\"145\"><\/span>+<\/div>                            <div class=\"counter-text\">Empleos generados<\/div>                        <\/div>\r\n                    <\/div>\r\n                                                        <\/div>\r\n            <\/div>\r\n        <\/div>\r\n    <\/section>\r\n \r\n    \t\t<\/div>\n\t\t\t\t<\/div>\n\t\t\t\t\t<\/div>\n\t\t<\/div>\n\t\t\t\t\t\t\t<\/div>\n\t\t<\/section>\n\t\t\t\t<section class=\"elementor-section elementor-top-section elementor-element elementor-element-87c30c9 elementor-section-full_width elementor-section-height-default elementor-section-height-default\" data-id=\"87c30c9\" data-element_type=\"section\">\n\t\t\t\t\t\t<div class=\"elementor-container elementor-column-gap-default\">\n\t\t\t\t\t<div class=\"elementor-column elementor-col-100 elementor-top-column elementor-element elementor-element-98aa489\" data-id=\"98aa489\" data-element_type=\"column\">\n\t\t\t<div class=\"elementor-widget-wrap elementor-element-populated\">\n\t\t\t\t\t\t\t\t<div class=\"elementor-element elementor-element-a89a696 elementor-widget elementor-widget-roonix_our_services_tab_v2\" data-id=\"a89a696\" data-element_type=\"widget\" data-widget_type=\"roonix_our_services_tab_v2.default\">\n\t\t\t\t<div class=\"elementor-widget-container\">\n\t\t\t    \r\n    <section class=\"mission-section-two\">\r\n        <div class=\"auto-container\">\r\n            <div class=\"inner-container\">\r\n                <div class=\"row clearfix\">\r\n                \r\n                    <!-- Tab Column -->\r\n                    <div class=\"tab-column col-lg-6 col-md-12 col-sm-12\">\r\n                        <div class=\"inner-column\">\r\n                            \r\n                            <!-- Mission Info Tabs -->\r\n                            <div class=\"mission-info-tabs\">\r\n                                <!-- Product Tabs -->\r\n                                <div class=\"mission-tabs style-two tabs-box\">\r\n                                    <!-- Tab Btns -->\r\n                                    <ul class=\"tab-btns tab-buttons clearfix\">\r\n                                                                                <li data-tab=\"#prod-mission1\" class=\"tab-btn active-btn\">Misi\u00f3n<\/li>\r\n                                                                                <li data-tab=\"#prod-mission2\" class=\"tab-btn \">Visi\u00f3n<\/li>\r\n                                                                            <\/ul>\r\n                                    <!-- Tabs Container -->\r\n                                    <div class=\"tabs-content\">\r\n                                                                                <!-- Tab \/ Active Tab -->\r\n                                        <div class=\"tab active-tab\" id=\"prod-mission1\">\r\n                                                                                        <div class=\"content\">\r\n                                                <h2>Los mejores servicios para los mejores clientes<\/h2>\r\n                                                Satisfacer las necesidades de nuestros clientes mediante la fabricaci\u00f3n y comercializaci\u00f3n de productos de Aluzinc y acero galvanizado de calidad, contribuyendo as\u00ed a un crecimiento sostenido y rentable de nuestro negocio en beneficio de nuestros accionistas, trabajadores y comunidad.                                            <\/div>\r\n                                                                                    <\/div>\r\n                                                                                <!-- Tab \/ Active Tab -->\r\n                                        <div class=\"tab \" id=\"prod-mission2\">\r\n                                                                                        <div class=\"content\">\r\n                                                <h2> La mejor calidad de la historia<\/h2>\r\n                                                Consolidarse como una empresa l\u00edder en el mercado nacional de productos de Aluzinc y acero galvanizado, que satisfaga los requerimientos de nuestros clientes con entregas oportunas, asistencia t\u00e9cnica y calidad de servicio, a trav\u00e9s de un personal altamente capacitado e identificado con los valores de la empresa.                                            <\/div>\r\n                                                                                    <\/div>\r\n                                                                            <\/div>\r\n                                <\/div>\r\n                            <\/div>\r\n                            \r\n                        <\/div>\r\n                    <\/div>\r\n                    \r\n                    <!-- Image Column -->\r\n                    <div class=\"image-column col-lg-6 col-md-12 col-sm-12\">\r\n                        <div class=\"inner-column\">\r\n                            <div class=\"row clearfix\">\r\n                                                                <!-- Column -->\r\n                                <div class=\"columm col-lg-6 col-md-6 col-sm-6\">\r\n                                    <div class=\"image wow fadeInRight\" data-wow-delay=\"0ms\" data-wow-duration=\"1500ms\">\r\n                                        <img decoding=\"async\" src=\"https:\/\/promasa.hn\/nicaragua\/wp-content\/uploads\/2023\/07\/quienes_somos_promasa_zinc.jpg\" alt=\"Awesome Image\" \/>\r\n                                    <\/div>\r\n                                <\/div>\r\n                                                                                                <!-- Column -->\r\n                                <div class=\"columm col-lg-6 col-md-6 col-sm-6\">\r\n                                    <div class=\"image wow fadeInRight\" data-wow-delay=\"300ms\" data-wow-duration=\"1500ms\">\r\n                                        <img decoding=\"async\" src=\"https:\/\/promasa.hn\/nicaragua\/wp-content\/uploads\/2023\/07\/quienes_somos_promasa_zinc2.jpg\" alt=\"Awesome Image\" \/>\r\n                                    <\/div>\r\n                                <\/div>\r\n                                                            <\/div>\r\n                        <\/div>\r\n                    <\/div>\r\n                    \r\n                <\/div>\r\n            <\/div>\r\n        <\/div>\r\n    <\/section>\r\n   \r\n    \t\t<\/div>\n\t\t\t\t<\/div>\n\t\t\t\t\t<\/div>\n\t\t<\/div>\n\t\t\t\t\t\t\t<\/div>\n\t\t<\/section>\n\t\t\t\t<section class=\"elementor-section elementor-top-section elementor-element elementor-element-dcba39e elementor-section-full_width elementor-section-height-default elementor-section-height-default\" data-id=\"dcba39e\" data-element_type=\"section\">\n\t\t\t\t\t\t<div class=\"elementor-container elementor-column-gap-default\">\n\t\t\t\t\t<div class=\"elementor-column elementor-col-100 elementor-top-column elementor-element elementor-element-fe121f1\" data-id=\"fe121f1\" data-element_type=\"column\">\n\t\t\t<div class=\"elementor-widget-wrap elementor-element-populated\">\n\t\t\t\t\t\t\t\t<div class=\"elementor-element elementor-element-47688e8 elementor-widget elementor-widget-roonix_newsletter_form\" data-id=\"47688e8\" data-element_type=\"widget\" data-widget_type=\"roonix_newsletter_form.default\">\n\t\t\t\t<div class=\"elementor-widget-container\">\n\t\t\t    \r\n    <section class=\"newsletter-section\" style=\"background-image:url(https:\/\/promasa.hn\/nicaragua\/wp-content\/uploads\/2022\/05\/4.jpg)\">\r\n        <div class=\"auto-container\">\r\n            <div class=\"row clearfix\">\r\n                                <div class=\"column col-lg-6 col-md-12 col-sm-12\">\r\n                    <h3>Recibe noticias relevantes<\/h3>\r\n                <\/div>\r\n                                <div class=\"column col-lg-6 col-md-12 col-sm-12\">\r\n                    <!-- Email Box -->\r\n                    <div class=\"email-box\">\r\n                        <script>(function() {\n\twindow.mc4wp = window.mc4wp || {\n\t\tlisteners: [],\n\t\tforms: {\n\t\t\ton: function(evt, cb) {\n\t\t\t\twindow.mc4wp.listeners.push(\n\t\t\t\t\t{\n\t\t\t\t\t\tevent   : evt,\n\t\t\t\t\t\tcallback: cb\n\t\t\t\t\t}\n\t\t\t\t);\n\t\t\t}\n\t\t}\n\t}\n})();\n<\/script><!-- Mailchimp for WordPress v4.9.6 - https:\/\/wordpress.org\/plugins\/mailchimp-for-wp\/ --><form id=\"mc4wp-form-1\" class=\"mc4wp-form mc4wp-form-221\" method=\"post\" data-id=\"221\" data-name=\"Newsletter Form\" ><div class=\"mc4wp-form-fields\"><div class=\"form-group\">\r\n<input type=\"email\" name=\"search-field\" value=\"\" placeholder=\"Ingresa tu Email\" required>\r\n<button type=\"submit\" class=\"theme-btn submit-btn\"><i class=\"flaticon-send\"><\/i><\/button>\r\n<\/div>\r\n<\/div><label style=\"display: none !important;\">Deja vac\u00edo este campo si eres humano: <input type=\"text\" name=\"_mc4wp_honeypot\" value=\"\" tabindex=\"-1\" autocomplete=\"off\" \/><\/label><input type=\"hidden\" name=\"_mc4wp_timestamp\" value=\"1776210688\" \/><input type=\"hidden\" name=\"_mc4wp_form_id\" value=\"221\" \/><input type=\"hidden\" name=\"_mc4wp_form_element_id\" value=\"mc4wp-form-1\" \/><div class=\"mc4wp-response\"><\/div><\/form><!-- \/ Mailchimp for WordPress Plugin -->                    <\/div>\r\n                <\/div>\r\n            <\/div>\r\n        <\/div>\r\n    <\/section>\r\n \r\n    \t\t<\/div>\n\t\t\t\t<\/div>\n\t\t\t\t\t<\/div>\n\t\t<\/div>\n\t\t\t\t\t\t\t<\/div>\n\t\t<\/section>\n\t\t\t\t\t\t\t<\/div>\n\t\t","protected":false},"excerpt":{"rendered":"<p>A\u00f1os de experiencia Historia Somos una empresa l\u00edder en el mercado nacional de productos de Aluzinc y acero galvanizado Nuestro compromiso es brindar entregas oportunas, asistencia t\u00e9cnica de primera clase y una calidad de servicio excepcional. Contamos con un equipo altamente capacitado e identificado con los valores fundamentales de la empresa. En cada paso que [&hellip;]<\/p>\n","protected":false},"author":1,"featured_media":0,"parent":0,"menu_order":0,"comment_status":"closed","ping_status":"closed","template":"tpl-default-elementor.php","meta":{"footnotes":""},"class_list":["post-22","page","type-page","status-publish","hentry"],"_links":{"self":[{"href":"https:\/\/promasa.hn\/nicaragua\/wp-json\/wp\/v2\/pages\/22","targetHints":{"allow":["GET"]}}],"collection":[{"href":"https:\/\/promasa.hn\/nicaragua\/wp-json\/wp\/v2\/pages"}],"about":[{"href":"https:\/\/promasa.hn\/nicaragua\/wp-json\/wp\/v2\/types\/page"}],"author":[{"embeddable":true,"href":"https:\/\/promasa.hn\/nicaragua\/wp-json\/wp\/v2\/users\/1"}],"replies":[{"embeddable":true,"href":"https:\/\/promasa.hn\/nicaragua\/wp-json\/wp\/v2\/comments?post=22"}],"version-history":[{"count":47,"href":"https:\/\/promasa.hn\/nicaragua\/wp-json\/wp\/v2\/pages\/22\/revisions"}],"predecessor-version":[{"id":2114,"href":"https:\/\/promasa.hn\/nicaragua\/wp-json\/wp\/v2\/pages\/22\/revisions\/2114"}],"wp:attachment":[{"href":"https:\/\/promasa.hn\/nicaragua\/wp-json\/wp\/v2\/media?parent=22"}],"curies":[{"name":"wp","href":"https:\/\/api.w.org\/{rel}","templated":true}]}}