{"id":1389,"date":"2023-08-18T23:59:00","date_gmt":"2023-08-18T21:59:00","guid":{"rendered":"https:\/\/promasa.hn\/nicaragua\/?post_type=product&#038;p=1389"},"modified":"2023-10-20T00:27:45","modified_gmt":"2023-10-19T22:27:45","slug":"lamina-tecnoteja-mediterranea","status":"publish","type":"product","link":"https:\/\/promasa.hn\/nicaragua\/producto\/lamina-tecnoteja-mediterranea\/","title":{"rendered":"L\u00e1mina Tecnoteja Mediterr\u00e1nea"},"content":{"rendered":"<p>Perfil T\u00e9cnico<br \/>\nAncho Total: 111 cm<br \/>\nAncho Util: 100 cm<br \/>\nAlto de Cresta: 12 cm<br \/>\nAncho de Valle: 9 cm<br \/>\nAncho de Cresta a Cresta: 21 cm<\/p>\n","protected":false},"excerpt":{"rendered":"<p>La TecnoTeja Mediterr\u00e1nea es un producto fabricado en l\u00e1mina de ALUZINC de alta calidad.<\/p>\n","protected":false},"featured_media":1429,"template":"","meta":[],"product_cat":[51],"product_tag":[53,63,54],"class_list":["post-1389","product","type-product","status-publish","has-post-thumbnail","hentry","product_cat-laminas","product_tag-aluzinc","product_tag-lamina-mediterranea","product_tag-laminas"],"_links":{"self":[{"href":"https:\/\/promasa.hn\/nicaragua\/wp-json\/wp\/v2\/product\/1389","targetHints":{"allow":["GET"]}}],"collection":[{"href":"https:\/\/promasa.hn\/nicaragua\/wp-json\/wp\/v2\/product"}],"about":[{"href":"https:\/\/promasa.hn\/nicaragua\/wp-json\/wp\/v2\/types\/product"}],"wp:featuredmedia":[{"embeddable":true,"href":"https:\/\/promasa.hn\/nicaragua\/wp-json\/wp\/v2\/media\/1429"}],"wp:attachment":[{"href":"https:\/\/promasa.hn\/nicaragua\/wp-json\/wp\/v2\/media?parent=1389"}],"wp:term":[{"taxonomy":"product_cat","embeddable":true,"href":"https:\/\/promasa.hn\/nicaragua\/wp-json\/wp\/v2\/product_cat?post=1389"},{"taxonomy":"product_tag","embeddable":true,"href":"https:\/\/promasa.hn\/nicaragua\/wp-json\/wp\/v2\/product_tag?post=1389"}],"curies":[{"name":"wp","href":"https:\/\/api.w.org\/{rel}","templated":true}]}}